{"id":1581,"date":"2021-01-23T14:34:23","date_gmt":"2021-01-23T14:34:23","guid":{"rendered":"https:\/\/pplegalstudio.com\/?page_id=1581"},"modified":"2021-02-02T20:21:49","modified_gmt":"2021-02-02T20:21:49","slug":"o-nama","status":"publish","type":"page","link":"https:\/\/pplegalstudio.com\/en\/o-nama\/","title":{"rendered":"O Nama"},"content":{"rendered":"<div data-vc-full-width=\"true\" data-vc-full-width-init=\"false\" data-vc-stretch-content=\"true\" class=\"vc_row wpb_row vc_row-fluid topimg vc_row-no-padding vc_row-o-content-middle vc_row-flex\"><div class=\"topimgtitle wpb_column vc_column_container vc_col-sm-12\"><div class=\"vc_column-inner\"><div class=\"wpb_wrapper\"><div id=\"ultimate-heading-101569e2bc73c534f\" class=\"uvc-heading ult-adjust-bottom-margin ultimate-heading-101569e2bc73c534f uvc-6507 topimgtitle uvc-heading-default-font-sizes\" data-hspacer=\"no_spacer\"  data-halign=\"center\" style=\"text-align:center\"><div class=\"uvc-heading-spacer no_spacer\" style=\"top\"><\/div><div class=\"uvc-main-heading ult-responsive\"  data-ultimate-target='.uvc-heading.ultimate-heading-101569e2bc73c534f h2'  data-responsive-json-new='{\"font-size\":\"\",\"line-height\":\"\"}' ><h2 style=\"--font-weight:theme;\">ABOUT US<\/h2><\/div><\/div><\/div><\/div><\/div><\/div><div class=\"vc_row-full-width vc_clearfix\"><\/div><!-- Row Backgrounds --><div class=\"upb_bg_img\" data-ultimate-bg=\"url(https:\/\/pplegalstudio.com\/wp-content\/uploads\/2021\/02\/lawyer-hammer.jpg)\" data-image-id=\"id^1701|url^https:\/\/pplegalstudio.com\/wp-content\/uploads\/2021\/02\/lawyer-hammer.jpg|caption^null|alt^null|title^lawyer-hammer|description^null\" data-ultimate-bg-style=\"vcpb-default\" data-bg-img-repeat=\"no-repeat\" data-bg-img-size=\"cover\" data-bg-img-position=\"center center\" data-parallx_sense=\"30\" data-bg-override=\"0\" data-bg_img_attach=\"scroll\" data-upb-overlay-color=\"rgba(21,43,69,0.2)\" data-upb-bg-animation=\"\" data-fadeout=\"\" data-bg-animation=\"left-animation\" data-bg-animation-type=\"h\" data-animation-repeat=\"repeat\" data-fadeout-percentage=\"30\" data-parallax-content=\"\" data-parallax-content-sense=\"30\" data-row-effect-mobile-disable=\"true\" data-img-parallax-mobile-disable=\"true\" data-rtl=\"false\"  data-custom-vc-row=\"\"  data-vc=\"6.5.0\"  data-is_old_vc=\"\"  data-theme-support=\"\"   data-overlay=\"true\" data-overlay-color=\"rgba(21,43,69,0.2)\" data-overlay-pattern=\"\" data-overlay-pattern-opacity=\"0.8\" data-overlay-pattern-size=\"\" data-overlay-pattern-attachment=\"scroll\"    ><\/div><div data-vc-full-width=\"true\" data-vc-full-width-init=\"false\" data-vc-stretch-content=\"true\" class=\"vc_row wpb_row vc_row-fluid vc_row-no-padding\"><div class=\"wpb_column vc_column_container vc_col-sm-6\"><div class=\"vc_column-inner vc_custom_1611413446634\"><div class=\"wpb_wrapper\"><div class=\"vc_empty_space\"   style=\"height: 60px\"><span class=\"vc_empty_space_inner\"><\/span><\/div>\n\t<div class=\"wpb_text_column wpb_content_element\" >\n\t\t<div class=\"wpb_wrapper\">\n\t\t\t<p>Established with the aim of becoming the leading law firm in Bosnia and Herzegovina and the region.<\/p>\n<p>Our team consists of professional, highly educated people who provide professionally, thoroughly and efficiently legal services and comprehensive legal support to all clients respecting their specifics and legal needs.<\/p>\n<p>Each case is a special challenge for us and that is why we deal with our clients cases on a daily basis. We nurture a different approach to clients and their needs, which means that cases for us represent a business challenge that needs to be solved in the best possible way. Such level of commitment to the needs of clients and their subjects is our priority and thanks to that we achieve excellent results and build lasting business relationships with our clients. <\/p>\n\n\t\t<\/div>\n\t<\/div>\n<\/div><\/div><\/div><div class=\"wpb_column vc_column_container vc_col-sm-6\"><div class=\"vc_column-inner\"><div class=\"wpb_wrapper\">\n\t<div  class=\"wpb_single_image wpb_content_element vc_align_right\">\n\t\t\n\t\t<figure class=\"wpb_wrapper vc_figure\">\n\t\t\t<div class=\"vc_single_image-wrapper   vc_box_border_grey\"><img loading=\"lazy\" decoding=\"async\" width=\"1000\" height=\"667\" src=\"https:\/\/pplegalstudio.com\/wp-content\/uploads\/2021\/02\/O-Nama-ppls-logob.jpg\" class=\"vc_single_image-img attachment-full\" alt=\"\" srcset=\"https:\/\/pplegalstudio.com\/wp-content\/uploads\/2021\/02\/O-Nama-ppls-logob.jpg 1000w, https:\/\/pplegalstudio.com\/wp-content\/uploads\/2021\/02\/O-Nama-ppls-logob-300x200.jpg 300w, https:\/\/pplegalstudio.com\/wp-content\/uploads\/2021\/02\/O-Nama-ppls-logob-768x512.jpg 768w\" sizes=\"auto, (max-width: 1000px) 100vw, 1000px\"  data-dt-location=\"https:\/\/pplegalstudio.com\/en\/o-nama\/o-nama-ppls-logob\/\" \/><\/div>\n\t\t<\/figure>\n\t<\/div>\n<\/div><\/div><\/div><\/div><div class=\"vc_row-full-width vc_clearfix\"><\/div>","protected":false},"excerpt":{"rendered":"<p>O NAMA Osnovani sa ciljem da postanemo vode\u0107a advokatska kancelarija u Bosni i Hercegovini i regionu. Na\u0161 tim \u010dine stru\u010dne, visokoobrazovane osobe koje na dinami\u010dan i kreativan na\u010din profesionalno, temeljno i efikasno pru\u017eaju razli\u010dite pravne usluge i sveobuhvatnu pravnu podr\u0161ku svim klijentima po\u0161tuju\u0107i njihove specifi\u010dnosti i pravne potrebe. Svaki predmet za nas predstavlja poseban izazov&hellip;<\/p>","protected":false},"author":1,"featured_media":0,"parent":0,"menu_order":0,"comment_status":"closed","ping_status":"closed","template":"","meta":{"footnotes":""},"class_list":["post-1581","page","type-page","status-publish","hentry","description-off"],"_links":{"self":[{"href":"https:\/\/pplegalstudio.com\/en\/wp-json\/wp\/v2\/pages\/1581","targetHints":{"allow":["GET"]}}],"collection":[{"href":"https:\/\/pplegalstudio.com\/en\/wp-json\/wp\/v2\/pages"}],"about":[{"href":"https:\/\/pplegalstudio.com\/en\/wp-json\/wp\/v2\/types\/page"}],"author":[{"embeddable":true,"href":"https:\/\/pplegalstudio.com\/en\/wp-json\/wp\/v2\/users\/1"}],"replies":[{"embeddable":true,"href":"https:\/\/pplegalstudio.com\/en\/wp-json\/wp\/v2\/comments?post=1581"}],"version-history":[{"count":22,"href":"https:\/\/pplegalstudio.com\/en\/wp-json\/wp\/v2\/pages\/1581\/revisions"}],"predecessor-version":[{"id":1702,"href":"https:\/\/pplegalstudio.com\/en\/wp-json\/wp\/v2\/pages\/1581\/revisions\/1702"}],"wp:attachment":[{"href":"https:\/\/pplegalstudio.com\/en\/wp-json\/wp\/v2\/media?parent=1581"}],"curies":[{"name":"wp","href":"https:\/\/api.w.org\/{rel}","templated":true}]}}