{"id":1601,"date":"2021-01-23T19:37:21","date_gmt":"2021-01-23T19:37:21","guid":{"rendered":"https:\/\/pplegalstudio.com\/?page_id=1601"},"modified":"2025-04-10T16:11:19","modified_gmt":"2025-04-10T16:11:19","slug":"nastim","status":"publish","type":"page","link":"https:\/\/pplegalstudio.com\/en\/nastim\/","title":{"rendered":"Our Team"},"content":{"rendered":"<div data-vc-full-width=\"true\" data-vc-full-width-init=\"false\" data-vc-stretch-content=\"true\" class=\"vc_row wpb_row vc_row-fluid topimg vc_row-no-padding vc_row-o-content-middle vc_row-flex\"><div class=\"topimgtitle wpb_column vc_column_container vc_col-sm-12\"><div class=\"vc_column-inner\"><div class=\"wpb_wrapper\"><div id=\"ultimate-heading-376169e734c2f37b4\" class=\"uvc-heading ult-adjust-bottom-margin ultimate-heading-376169e734c2f37b4 uvc-4591 topimgtitle uvc-heading-default-font-sizes\" data-hspacer=\"no_spacer\"  data-halign=\"center\" style=\"text-align:center\"><div class=\"uvc-heading-spacer no_spacer\" style=\"top\"><\/div><div class=\"uvc-main-heading ult-responsive\"  data-ultimate-target='.uvc-heading.ultimate-heading-376169e734c2f37b4 h2'  data-responsive-json-new='{\"font-size\":\"\",\"line-height\":\"\"}' ><h2 style=\"--font-weight:theme;\">OUR TEAM<\/h2><\/div><\/div><\/div><\/div><\/div><\/div><div class=\"vc_row-full-width vc_clearfix\"><\/div><!-- Row Backgrounds --><div class=\"upb_bg_img\" data-ultimate-bg=\"url(https:\/\/pplegalstudio.com\/wp-content\/uploads\/2021\/02\/nastim2.jpg)\" data-image-id=\"id^1703|url^https:\/\/pplegalstudio.com\/wp-content\/uploads\/2021\/02\/nastim2.jpg|caption^null|alt^null|title^nastim2|description^null\" data-ultimate-bg-style=\"vcpb-default\" data-bg-img-repeat=\"no-repeat\" data-bg-img-size=\"cover\" data-bg-img-position=\"center center\" data-parallx_sense=\"30\" data-bg-override=\"0\" data-bg_img_attach=\"scroll\" data-upb-overlay-color=\"rgba(21,43,69,0.2)\" data-upb-bg-animation=\"\" data-fadeout=\"\" data-bg-animation=\"left-animation\" data-bg-animation-type=\"h\" data-animation-repeat=\"repeat\" data-fadeout-percentage=\"30\" data-parallax-content=\"\" data-parallax-content-sense=\"30\" data-row-effect-mobile-disable=\"true\" data-img-parallax-mobile-disable=\"true\" data-rtl=\"false\"  data-custom-vc-row=\"\"  data-vc=\"6.5.0\"  data-is_old_vc=\"\"  data-theme-support=\"\"   data-overlay=\"true\" data-overlay-color=\"rgba(21,43,69,0.2)\" data-overlay-pattern=\"\" data-overlay-pattern-opacity=\"0.8\" data-overlay-pattern-size=\"\" data-overlay-pattern-attachment=\"scroll\"    ><\/div><div data-vc-full-width=\"true\" data-vc-full-width-init=\"false\" class=\"vc_row wpb_row vc_row-fluid\"><div class=\"wpb_column vc_column_container vc_col-sm-6\"><div class=\"vc_column-inner vc_custom_1611413446634\"><div class=\"wpb_wrapper\"><div class=\"vc_empty_space\"   style=\"height: 60px\"><span class=\"vc_empty_space_inner\"><\/span><\/div>\n\t<div class=\"wpb_text_column wpb_content_element\" >\n\t\t<div class=\"wpb_wrapper\">\n\t\t\t<h2>Mi\u0161o Pa\u0161i\u0107<\/h2>\n<p>Founder of Pa\u0161i\u0107 law firm.<\/p>\n<h4>Specialization<\/h4>\n<ul>\n<li>Civil law<\/li>\n<li>Commercial and corporate law<\/li>\n<li>Labor law<\/li>\n<li>Administrative Law<\/li>\n<li>Disputes and collection of receivables<\/li>\n<\/ul>\n<h4>Education<\/h4>\n<ul>\n<li>Faculty of Law, University of Novi Sad (2012)<\/li>\n<\/ul>\n<h4>Professional career<\/h4>\n<ul>\n<li>Law Office Pa\u0161i\u0107 (2020)<\/li>\n<li>Law Office Stevanovi\u0107 (2013-2020)<\/li>\n<\/ul>\n<h4>Membership<\/h4>\n<ul>\n<li>Bar Association of the Republic of Srpska<\/li>\n<\/ul>\n<h4>Languages<\/h4>\n<ul>\n<li>English<\/li>\n<\/ul>\n\n\t\t<\/div>\n\t<\/div>\n<\/div><\/div><\/div><div class=\"wpb_column vc_column_container vc_col-sm-6\"><div class=\"vc_column-inner\"><div class=\"wpb_wrapper\"><div class=\"vc_empty_space\"   style=\"height: 60px\"><span class=\"vc_empty_space_inner\"><\/span><\/div>\n\t<div  class=\"wpb_single_image wpb_content_element vc_align_right\">\n\t\t\n\t\t<figure class=\"wpb_wrapper vc_figure\">\n\t\t\t<div class=\"vc_single_image-wrapper   vc_box_border_grey\"><img loading=\"lazy\" decoding=\"async\" width=\"1024\" height=\"1024\" src=\"https:\/\/pplegalstudio.com\/wp-content\/uploads\/2025\/04\/miso-pasic-1024x1024.jpg\" class=\"vc_single_image-img attachment-large\" alt=\"\" srcset=\"https:\/\/pplegalstudio.com\/wp-content\/uploads\/2025\/04\/miso-pasic-1024x1024.jpg 1024w, https:\/\/pplegalstudio.com\/wp-content\/uploads\/2025\/04\/miso-pasic-300x300.jpg 300w, https:\/\/pplegalstudio.com\/wp-content\/uploads\/2025\/04\/miso-pasic-150x150.jpg 150w, https:\/\/pplegalstudio.com\/wp-content\/uploads\/2025\/04\/miso-pasic-768x768.jpg 768w, https:\/\/pplegalstudio.com\/wp-content\/uploads\/2025\/04\/miso-pasic-12x12.jpg 12w, https:\/\/pplegalstudio.com\/wp-content\/uploads\/2025\/04\/miso-pasic.jpg 1040w\" sizes=\"auto, (max-width: 1024px) 100vw, 1024px\"  data-dt-location=\"https:\/\/pplegalstudio.com\/en\/miso-pasic\/\" \/><\/div>\n\t\t<\/figure>\n\t<\/div>\n\n\t<div class=\"wpb_text_column wpb_content_element  vc_custom_1744301314973\" >\n\t\t<div class=\"wpb_wrapper\">\n\t\t\t<p>Contact Info<\/p>\n<p>+ 387 51 264 815<\/p>\n<p>+ 387 65 806 907<\/p>\n<p>miso.pasic@pplegalstudio.com<\/p>\n\n\t\t<\/div>\n\t<\/div>\n<\/div><\/div><\/div><\/div><div class=\"vc_row-full-width vc_clearfix\"><\/div><div data-vc-full-width=\"true\" data-vc-full-width-init=\"false\" class=\"vc_row wpb_row vc_row-fluid\"><div class=\"wpb_column vc_column_container vc_col-sm-6\"><div class=\"vc_column-inner\"><div class=\"wpb_wrapper\"><div class=\"vc_empty_space\"   style=\"height: 60px\"><span class=\"vc_empty_space_inner\"><\/span><\/div>\n\t<div  class=\"wpb_single_image wpb_content_element vc_align_right\">\n\t\t\n\t\t<figure class=\"wpb_wrapper vc_figure\">\n\t\t\t<div class=\"vc_single_image-wrapper   vc_box_border_grey\"><img loading=\"lazy\" decoding=\"async\" width=\"1024\" height=\"1024\" src=\"https:\/\/pplegalstudio.com\/wp-content\/uploads\/2025\/04\/aleksandar-petrovic-1024x1024.jpg\" class=\"vc_single_image-img attachment-large\" alt=\"\" srcset=\"https:\/\/pplegalstudio.com\/wp-content\/uploads\/2025\/04\/aleksandar-petrovic-1024x1024.jpg 1024w, https:\/\/pplegalstudio.com\/wp-content\/uploads\/2025\/04\/aleksandar-petrovic-300x300.jpg 300w, https:\/\/pplegalstudio.com\/wp-content\/uploads\/2025\/04\/aleksandar-petrovic-150x150.jpg 150w, https:\/\/pplegalstudio.com\/wp-content\/uploads\/2025\/04\/aleksandar-petrovic-768x768.jpg 768w, https:\/\/pplegalstudio.com\/wp-content\/uploads\/2025\/04\/aleksandar-petrovic-12x12.jpg 12w, https:\/\/pplegalstudio.com\/wp-content\/uploads\/2025\/04\/aleksandar-petrovic.jpg 1040w\" sizes=\"auto, (max-width: 1024px) 100vw, 1024px\"  data-dt-location=\"https:\/\/pplegalstudio.com\/en\/aleksandar-petrovic\/\" \/><\/div>\n\t\t<\/figure>\n\t<\/div>\n\n\t<div class=\"wpb_text_column wpb_content_element  vc_custom_1611431432254\" >\n\t\t<div class=\"wpb_wrapper\">\n\t\t\t<p>Contact info<\/p>\n<p>+387 51 264-815<\/p>\n<p>+387 65 656-817<\/p>\n<p>aleksandar@pplegalstudio.com<\/p>\n\n\t\t<\/div>\n\t<\/div>\n<\/div><\/div><\/div><div class=\"wpb_column vc_column_container vc_col-sm-6\"><div class=\"vc_column-inner\"><div class=\"wpb_wrapper\"><div class=\"vc_empty_space\"   style=\"height: 60px\"><span class=\"vc_empty_space_inner\"><\/span><\/div>\n\t<div class=\"wpb_text_column wpb_content_element\" >\n\t\t<div class=\"wpb_wrapper\">\n\t\t\t<h2>Aleksandar Petrovi\u0107<\/h2>\n<p>Associate<\/p>\n<h4>Specialization<\/h4>\n<ul>\n<li>Commercial and corporate law<\/li>\n<li>Civil law<\/li>\n<li>Collection of receivables<\/li>\n<li>Sports law<\/li>\n<li>Tax law<\/li>\n<\/ul>\n<h4>Education<\/h4>\n<ul>\n<li>Faculty of Law, University of Banja Luka<\/li>\n<\/ul>\n<h4>Professional career<\/h4>\n<ul>\n<li>Law Office Pa\u0161i\u0107 (2020)<\/li>\n<li>Advokatska kancelarija Stevanovi\u0107 (2018-2020)<\/li>\n<li>Termotim d.o.o. Banja Luka (2017-2018)<\/li>\n<li>Specijalna oprema a.d. Banja Luka (2014-2017)<\/li>\n<\/ul>\n<h4>Membership<\/h4>\n<ul>\n<li>Bar Association of Republika Srpska<\/li>\n<\/ul>\n<h4>Languages<\/h4>\n<ul>\n<li>English<\/li>\n<li>German<\/li>\n<\/ul>\n\n\t\t<\/div>\n\t<\/div>\n<\/div><\/div><\/div><\/div><div class=\"vc_row-full-width vc_clearfix\"><\/div><div data-vc-full-width=\"true\" data-vc-full-width-init=\"false\" class=\"vc_row wpb_row vc_row-fluid\"><div class=\"wpb_column vc_column_container vc_col-sm-6\"><div class=\"vc_column-inner vc_custom_1611413446634\"><div class=\"wpb_wrapper\"><div class=\"vc_empty_space\"   style=\"height: 60px\"><span class=\"vc_empty_space_inner\"><\/span><\/div>\n\t<div class=\"wpb_text_column wpb_content_element\" >\n\t\t<div class=\"wpb_wrapper\">\n\t\t\t<h2>Marko Plav\u0161i\u0107<\/h2>\n<p>Professional Associate.<\/p>\n<h4>Specialization<\/h4>\n<ul>\n<li>Tax law<\/li>\n<li>Property Law<\/li>\n<li>Obligation Law<\/li>\n<li>Family law<\/li>\n<li>Misdemeanor Law<\/li>\n<li>Information Technology Law<\/li>\n<\/ul>\n<h4>Education<\/h4>\n<ul>\n<li>Faculty of Law, University of Banjaluka<\/li>\n<li>Faculty of Law, University of Belgrade \u2013 master studies<\/li>\n<\/ul>\n<h4>Professional career<\/h4>\n<ul>\n<li>Law Office Stevanovi\u0107 (2019 \u2013 2023)<\/li>\n<li>Law Office Pa\u0161i\u0107 (2023 -)<\/li>\n<\/ul>\n<h4>Membership<\/h4>\n<ul>\n<li>Bar Association of the Republic of Srpska<\/li>\n<\/ul>\n<h4>Languages<\/h4>\n<ul>\n<li>English<\/li>\n<\/ul>\n\n\t\t<\/div>\n\t<\/div>\n<\/div><\/div><\/div><div class=\"wpb_column vc_column_container vc_col-sm-6\"><div class=\"vc_column-inner\"><div class=\"wpb_wrapper\"><div class=\"vc_empty_space\"   style=\"height: 60px\"><span class=\"vc_empty_space_inner\"><\/span><\/div>\n\t<div  class=\"wpb_single_image wpb_content_element vc_align_right\">\n\t\t\n\t\t<figure class=\"wpb_wrapper vc_figure\">\n\t\t\t<div class=\"vc_single_image-wrapper   vc_box_border_grey\"><img loading=\"lazy\" decoding=\"async\" width=\"1024\" height=\"1024\" src=\"https:\/\/pplegalstudio.com\/wp-content\/uploads\/2025\/04\/marko-plavsic-1024x1024.jpg\" class=\"vc_single_image-img attachment-large\" alt=\"\" srcset=\"https:\/\/pplegalstudio.com\/wp-content\/uploads\/2025\/04\/marko-plavsic-1024x1024.jpg 1024w, https:\/\/pplegalstudio.com\/wp-content\/uploads\/2025\/04\/marko-plavsic-300x300.jpg 300w, https:\/\/pplegalstudio.com\/wp-content\/uploads\/2025\/04\/marko-plavsic-150x150.jpg 150w, https:\/\/pplegalstudio.com\/wp-content\/uploads\/2025\/04\/marko-plavsic-768x768.jpg 768w, https:\/\/pplegalstudio.com\/wp-content\/uploads\/2025\/04\/marko-plavsic-12x12.jpg 12w, https:\/\/pplegalstudio.com\/wp-content\/uploads\/2025\/04\/marko-plavsic.jpg 1040w\" sizes=\"auto, (max-width: 1024px) 100vw, 1024px\"  data-dt-location=\"https:\/\/pplegalstudio.com\/en\/marko-plavsic\/\" \/><\/div>\n\t\t<\/figure>\n\t<\/div>\n\n\t<div class=\"wpb_text_column wpb_content_element  vc_custom_1744301349329\" >\n\t\t<div class=\"wpb_wrapper\">\n\t\t\t<p>Contact Info<\/p>\n<p>+ 387 51 264 815<\/p>\n<p>+ 387 65 179 047<\/p>\n<p>marko.plavsic@pplegalstudio.com<\/p>\n\n\t\t<\/div>\n\t<\/div>\n<\/div><\/div><\/div><\/div><div class=\"vc_row-full-width vc_clearfix\"><\/div><div class=\"vc_row wpb_row vc_row-fluid\"><div class=\"wpb_column vc_column_container vc_col-sm-12\"><div class=\"vc_column-inner\"><div class=\"wpb_wrapper\"><div class=\"vc_empty_space\"   style=\"height: 60px\"><span class=\"vc_empty_space_inner\"><\/span><\/div><\/div><\/div><\/div><\/div><div data-vc-full-width=\"true\" data-vc-full-width-init=\"false\" class=\"vc_row wpb_row vc_row-fluid\"><div class=\"wpb_column vc_column_container vc_col-sm-12\"><div class=\"vc_column-inner\"><div class=\"wpb_wrapper\"><div class=\"vc_empty_space\"   style=\"height: 60px\"><span class=\"vc_empty_space_inner\"><\/span><\/div>\n\t<div class=\"wpb_text_column wpb_content_element\" >\n\t\t<div class=\"wpb_wrapper\">\n\t\t\t<h2><strong>Become a part of the team<\/strong><\/h2>\n<h4>Apply now!<\/h4>\n\n\t\t<\/div>\n\t<\/div>\n<div class=\"vc_empty_space\"   style=\"height: 60px\"><span class=\"vc_empty_space_inner\"><\/span><\/div>\n\t<div class=\"wpb_raw_code wpb_content_element wpb_raw_html\" >\n\t\t<div class=\"wpb_wrapper\">\n\t\t\t<div role=\"form\" class=\"wpcf7\" id=\"wpcf7-f1641-o1\" lang=\"en-US\" dir=\"ltr\">\n<div class=\"screen-reader-response\"><p role=\"status\" aria-live=\"polite\" aria-atomic=\"true\"><\/p> <ul><\/ul><\/div>\n<form action=\"\/en\/wp-json\/wp\/v2\/pages\/1601#wpcf7-f1641-o1\" method=\"post\" class=\"wpcf7-form init\" novalidate=\"novalidate\" data-status=\"init\" data-trp-original-action=\"\/en\/wp-json\/wp\/v2\/pages\/1601#wpcf7-f1641-o1\">\n<div style=\"display: none;\">\n<input type=\"hidden\" name=\"_wpcf7\" value=\"1641\" \/>\n<input type=\"hidden\" name=\"_wpcf7_version\" value=\"5.3.2\" \/>\n<input type=\"hidden\" name=\"_wpcf7_locale\" value=\"en_US\" \/>\n<input type=\"hidden\" name=\"_wpcf7_unit_tag\" value=\"wpcf7-f1641-o1\" \/>\n<input type=\"hidden\" name=\"_wpcf7_container_post\" value=\"0\" \/>\n<input type=\"hidden\" name=\"_wpcf7_posted_data_hash\" value=\"\" \/>\n<\/div>\n<p><label> Your name<br \/>\n    <span class=\"wpcf7-form-control-wrap your-name\"><input type=\"text\" name=\"your-name\" value=\"\" size=\"40\" class=\"wpcf7-form-control wpcf7-text wpcf7-validates-as-required\" aria-required=\"true\" aria-invalid=\"false\" \/><\/span> <\/label><\/p>\n<p><label> E-mail<br \/>\n    <span class=\"wpcf7-form-control-wrap your-email\"><input type=\"email\" name=\"your-email\" value=\"\" size=\"40\" class=\"wpcf7-form-control wpcf7-text wpcf7-email wpcf7-validates-as-required wpcf7-validates-as-email\" aria-required=\"true\" aria-invalid=\"false\" \/><\/span> <\/label><\/p>\n<p><label> Message<br \/>\n    <span class=\"wpcf7-form-control-wrap your-message\"><textarea name=\"your-message\" cols=\"40\" rows=\"10\" class=\"wpcf7-form-control wpcf7-textarea\" aria-invalid=\"false\"><\/textarea><\/span> <\/label><\/p>\n<p><input type=\"submit\" value=\"APPLY NOW\" class=\"wpcf7-form-control wpcf7-submit\" \/><\/p>\n<div class=\"wpcf7-response-output\" aria-hidden=\"true\"><\/div><input type=\"hidden\" name=\"trp-form-language\" value=\"en\"\/><\/form><\/div>\n\t\t<\/div>\n\t<\/div>\n<div class=\"vc_empty_space\"   style=\"height: 60px\"><span class=\"vc_empty_space_inner\"><\/span><\/div><\/div><\/div><\/div><\/div><div class=\"vc_row-full-width vc_clearfix\"><\/div><!-- Row Backgrounds --><div class=\"upb_color\" data-bg-override=\"0\" data-bg-color=\"#f6f6f6\" data-fadeout=\"\" data-fadeout-percentage=\"30\" data-parallax-content=\"\" data-parallax-content-sense=\"30\" data-row-effect-mobile-disable=\"true\" data-img-parallax-mobile-disable=\"true\" data-rtl=\"false\"  data-custom-vc-row=\"\"  data-vc=\"6.5.0\"  data-is_old_vc=\"\"  data-theme-support=\"\"   data-overlay=\"false\" data-overlay-color=\"\" data-overlay-pattern=\"\" data-overlay-pattern-opacity=\"\" data-overlay-pattern-size=\"\"    ><\/div>","protected":false},"excerpt":{"rendered":"<p>NA\u0160 TIM Mi\u0161o Pa\u0161i\u0107 Osniva\u010d advokatske kancelarije Pa\u0161i\u0107. Specijalizacija Gra\u0111ansko pravo Privredno i korporativno pravo Radno pravo Upravno pravo Sporovi i naplata potra\u017eivanja Obrazovanje Pravni fakultet Univerziteta u Novom Sadu (2012) Profesionalna karijera Advokatska kancelarija Pa\u0161i\u0107 (2020) Advokatska kancelarija Stevanovi\u0107 (2013-2020) \u010clanstvo Advokatska komora Republike Sprske Jezici Engleski jezik Kontakt info + 387 51 264&hellip;<\/p>","protected":false},"author":1,"featured_media":0,"parent":0,"menu_order":0,"comment_status":"closed","ping_status":"closed","template":"","meta":{"footnotes":""},"class_list":["post-1601","page","type-page","status-publish","hentry","description-off"],"_links":{"self":[{"href":"https:\/\/pplegalstudio.com\/en\/wp-json\/wp\/v2\/pages\/1601","targetHints":{"allow":["GET"]}}],"collection":[{"href":"https:\/\/pplegalstudio.com\/en\/wp-json\/wp\/v2\/pages"}],"about":[{"href":"https:\/\/pplegalstudio.com\/en\/wp-json\/wp\/v2\/types\/page"}],"author":[{"embeddable":true,"href":"https:\/\/pplegalstudio.com\/en\/wp-json\/wp\/v2\/users\/1"}],"replies":[{"embeddable":true,"href":"https:\/\/pplegalstudio.com\/en\/wp-json\/wp\/v2\/comments?post=1601"}],"version-history":[{"count":30,"href":"https:\/\/pplegalstudio.com\/en\/wp-json\/wp\/v2\/pages\/1601\/revisions"}],"predecessor-version":[{"id":1607,"href":"https:\/\/pplegalstudio.com\/en\/wp-json\/wp\/v2\/pages\/1601\/revisions\/1607"}],"wp:attachment":[{"href":"https:\/\/pplegalstudio.com\/en\/wp-json\/wp\/v2\/media?parent=1601"}],"curies":[{"name":"wp","href":"https:\/\/api.w.org\/{rel}","templated":true}]}}