{"id":1624,"date":"2021-01-24T15:45:25","date_gmt":"2021-01-24T15:45:25","guid":{"rendered":"https:\/\/pplegalstudio.com\/?page_id=1624"},"modified":"2021-02-02T19:43:26","modified_gmt":"2021-02-02T19:43:26","slug":"onlinepravneusluge","status":"publish","type":"page","link":"https:\/\/pplegalstudio.com\/en\/onlinepravneusluge\/","title":{"rendered":"ONLINE LEGAL SERVICES"},"content":{"rendered":"<div data-vc-full-width=\"true\" data-vc-full-width-init=\"false\" data-vc-stretch-content=\"true\" class=\"vc_row wpb_row vc_row-fluid topimg vc_row-no-padding vc_row-o-content-middle vc_row-flex\"><div class=\"topimgtitle wpb_column vc_column_container vc_col-sm-12\"><div class=\"vc_column-inner\"><div class=\"wpb_wrapper\"><div id=\"ultimate-heading-446869e7302ecac9b\" class=\"uvc-heading ult-adjust-bottom-margin ultimate-heading-446869e7302ecac9b uvc-5578 topimgtitle uvc-heading-default-font-sizes\" data-hspacer=\"no_spacer\"  data-halign=\"center\" style=\"text-align:center\"><div class=\"uvc-heading-spacer no_spacer\" style=\"top\"><\/div><div class=\"uvc-main-heading ult-responsive\"  data-ultimate-target='.uvc-heading.ultimate-heading-446869e7302ecac9b h2'  data-responsive-json-new='{\"font-size\":\"\",\"line-height\":\"\"}' ><h2 style=\"--font-weight:theme;\">ONLINE LEGAL SERVICES<\/h2><\/div><\/div><\/div><\/div><\/div><\/div><div class=\"vc_row-full-width vc_clearfix\"><\/div><!-- Row Backgrounds --><div class=\"upb_bg_img\" data-ultimate-bg=\"url(https:\/\/pplegalstudio.com\/wp-content\/uploads\/2021\/01\/online-pravne-usluge-scaled.jpg)\" data-image-id=\"id^1579|url^https:\/\/pplegalstudio.com\/wp-content\/uploads\/2021\/01\/online-pravne-usluge-scaled.jpg|caption^null|alt^null|title^online pravne usluge|description^null\" data-ultimate-bg-style=\"vcpb-default\" data-bg-img-repeat=\"no-repeat\" data-bg-img-size=\"cover\" data-bg-img-position=\"\" data-parallx_sense=\"30\" data-bg-override=\"0\" data-bg_img_attach=\"scroll\" data-upb-overlay-color=\"rgba(21,43,69,0.2)\" data-upb-bg-animation=\"\" data-fadeout=\"\" data-bg-animation=\"left-animation\" data-bg-animation-type=\"h\" data-animation-repeat=\"repeat\" data-fadeout-percentage=\"30\" data-parallax-content=\"\" data-parallax-content-sense=\"30\" data-row-effect-mobile-disable=\"true\" data-img-parallax-mobile-disable=\"true\" data-rtl=\"false\"  data-custom-vc-row=\"\"  data-vc=\"6.5.0\"  data-is_old_vc=\"\"  data-theme-support=\"\"   data-overlay=\"true\" data-overlay-color=\"rgba(21,43,69,0.2)\" data-overlay-pattern=\"\" data-overlay-pattern-opacity=\"0.8\" data-overlay-pattern-size=\"\" data-overlay-pattern-attachment=\"scroll\"    ><\/div><div data-vc-full-width=\"true\" data-vc-full-width-init=\"false\" class=\"vc_row wpb_row vc_row-fluid\"><div class=\"wpb_column vc_column_container vc_col-sm-12\"><div class=\"vc_column-inner vc_custom_1611413446634\"><div class=\"wpb_wrapper\"><div class=\"vc_empty_space\"   style=\"height: 60px\"><span class=\"vc_empty_space_inner\"><\/span><\/div>\n\t<div class=\"wpb_text_column wpb_content_element\" >\n\t\t<div class=\"wpb_wrapper\">\n\t\t\t<p>Following the modern ways of communication, we have developed the service of an online\nlegal advisor with the aim of providing our clients with legal assistance without physically\ncoming to our office.<\/p>\n<p>Just contact us via our official e-mail address (office@pplegalstudio.com) or phone (+387 51\n264-815) and briefly describe the legal situation that requires our engagement. Also, distance\ncommunication can be achieved directly through one of the online communication platforms\nsuch as Zoom, Microsoft teams, Skype and others.<\/p>\n<p class=\" translation-block\">In this way, we provide you with the same quality and availability of most legal services that we\nprovide regardless of where you are.<\/p>\n\n\t\t<\/div>\n\t<\/div>\n<div class=\"vc_empty_space\"   style=\"height: 60px\"><span class=\"vc_empty_space_inner\"><\/span><\/div><\/div><\/div><\/div><\/div><div class=\"vc_row-full-width vc_clearfix\"><\/div><!-- Row Backgrounds --><div class=\"upb_color\" data-bg-override=\"0\" data-bg-color=\"#f6f6f6\" data-fadeout=\"\" data-fadeout-percentage=\"30\" data-parallax-content=\"\" data-parallax-content-sense=\"30\" data-row-effect-mobile-disable=\"true\" data-img-parallax-mobile-disable=\"true\" data-rtl=\"false\"  data-custom-vc-row=\"\"  data-vc=\"6.5.0\"  data-is_old_vc=\"\"  data-theme-support=\"\"   data-overlay=\"false\" data-overlay-color=\"\" data-overlay-pattern=\"\" data-overlay-pattern-opacity=\"\" data-overlay-pattern-size=\"\"    ><\/div>","protected":false},"excerpt":{"rendered":"<p>ONLINE PRAVNE USLUGE Prate\u0107i savremene na\u010dine komunikacije razvili smo uslugu online pravnog savjetnika sa ciljem da na\u0161im klijentima pru\u017eimo pravnu pomo\u0107 bez fizi\u010dkog dolaska u na\u0161u kancelariju. Dovoljno je da nam se obratite putem na\u0161e slu\u017ebene e-mail adrese (office@pplegalstudio.com) ili telefona (+387 51 264-815) i ukratko opi\u0161ete pravnu situaciju zbog koje je potreban na\u0161 anga\u017eman.&hellip;<\/p>","protected":false},"author":1,"featured_media":0,"parent":0,"menu_order":0,"comment_status":"closed","ping_status":"closed","template":"","meta":{"footnotes":""},"class_list":["post-1624","page","type-page","status-publish","hentry","description-off"],"_links":{"self":[{"href":"https:\/\/pplegalstudio.com\/en\/wp-json\/wp\/v2\/pages\/1624","targetHints":{"allow":["GET"]}}],"collection":[{"href":"https:\/\/pplegalstudio.com\/en\/wp-json\/wp\/v2\/pages"}],"about":[{"href":"https:\/\/pplegalstudio.com\/en\/wp-json\/wp\/v2\/types\/page"}],"author":[{"embeddable":true,"href":"https:\/\/pplegalstudio.com\/en\/wp-json\/wp\/v2\/users\/1"}],"replies":[{"embeddable":true,"href":"https:\/\/pplegalstudio.com\/en\/wp-json\/wp\/v2\/comments?post=1624"}],"version-history":[{"count":5,"href":"https:\/\/pplegalstudio.com\/en\/wp-json\/wp\/v2\/pages\/1624\/revisions"}],"predecessor-version":[{"id":1694,"href":"https:\/\/pplegalstudio.com\/en\/wp-json\/wp\/v2\/pages\/1624\/revisions\/1694"}],"wp:attachment":[{"href":"https:\/\/pplegalstudio.com\/en\/wp-json\/wp\/v2\/media?parent=1624"}],"curies":[{"name":"wp","href":"https:\/\/api.w.org\/{rel}","templated":true}]}}